{"id":1363,"date":"2022-12-01T14:11:05","date_gmt":"2022-12-01T14:11:05","guid":{"rendered":"http:\/\/george2.univnt.ro\/?page_id=1363"},"modified":"2023-03-03T12:07:45","modified_gmt":"2023-03-03T12:07:45","slug":"constant-2013-2","status":"publish","type":"page","link":"https:\/\/constant.univnt.ro\/index.php\/en\/constant-2013-2\/","title":{"rendered":"Constant 2013"},"content":{"rendered":"\t\t<div data-elementor-type=\"wp-page\" data-elementor-id=\"1363\" class=\"elementor elementor-1363\">\n\t\t\t\t\t\t\t\t\t<section class=\"elementor-section elementor-top-section elementor-element elementor-element-c87e834 elementor-section-boxed elementor-section-height-default elementor-section-height-default\" data-id=\"c87e834\" data-element_type=\"section\">\n\t\t\t\t\t\t<div class=\"elementor-container elementor-column-gap-default\">\n\t\t\t\t\t<div class=\"elementor-column elementor-col-100 elementor-top-column elementor-element elementor-element-f237088\" data-id=\"f237088\" data-element_type=\"column\">\n\t\t\t<div class=\"elementor-widget-wrap elementor-element-populated\">\n\t\t\t\t\t\t\t\t<div class=\"elementor-element elementor-element-76530f1 elementor-tabs-view-vertical elementor-widget elementor-widget-tabs\" data-id=\"76530f1\" data-element_type=\"widget\" data-widget_type=\"tabs.default\">\n\t\t\t\t<div class=\"elementor-widget-container\">\n\t\t\t<style>\/*! elementor - v3.11.3 - 07-03-2023 *\/\n.elementor-widget-tabs.elementor-tabs-view-vertical .elementor-tabs-wrapper{width:25%;flex-shrink:0}.elementor-widget-tabs.elementor-tabs-view-vertical .elementor-tab-desktop-title.elementor-active{border-right-style:none}.elementor-widget-tabs.elementor-tabs-view-vertical .elementor-tab-desktop-title.elementor-active:after,.elementor-widget-tabs.elementor-tabs-view-vertical .elementor-tab-desktop-title.elementor-active:before{height:999em;width:0;right:0;border-right-style:solid}.elementor-widget-tabs.elementor-tabs-view-vertical .elementor-tab-desktop-title.elementor-active:before{top:0;transform:translateY(-100%)}.elementor-widget-tabs.elementor-tabs-view-vertical .elementor-tab-desktop-title.elementor-active:after{top:100%}.elementor-widget-tabs.elementor-tabs-view-horizontal .elementor-tab-desktop-title{display:table-cell}.elementor-widget-tabs.elementor-tabs-view-horizontal .elementor-tab-desktop-title.elementor-active{border-bottom-style:none}.elementor-widget-tabs.elementor-tabs-view-horizontal .elementor-tab-desktop-title.elementor-active:after,.elementor-widget-tabs.elementor-tabs-view-horizontal .elementor-tab-desktop-title.elementor-active:before{bottom:0;height:0;width:999em;border-bottom-style:solid}.elementor-widget-tabs.elementor-tabs-view-horizontal .elementor-tab-desktop-title.elementor-active:before{right:100%}.elementor-widget-tabs.elementor-tabs-view-horizontal .elementor-tab-desktop-title.elementor-active:after{left:100%}.elementor-widget-tabs .elementor-tab-content,.elementor-widget-tabs .elementor-tab-title,.elementor-widget-tabs .elementor-tab-title:after,.elementor-widget-tabs .elementor-tab-title:before,.elementor-widget-tabs .elementor-tabs-content-wrapper{border:1px #d4d4d4}.elementor-widget-tabs .elementor-tabs{text-align:left}.elementor-widget-tabs .elementor-tabs-wrapper{overflow:hidden}.elementor-widget-tabs .elementor-tab-title{cursor:pointer;outline:var(--focus-outline,none)}.elementor-widget-tabs .elementor-tab-desktop-title{position:relative;padding:20px 25px;font-weight:700;line-height:1;border:solid transparent}.elementor-widget-tabs .elementor-tab-desktop-title.elementor-active{border-color:#d4d4d4}.elementor-widget-tabs .elementor-tab-desktop-title.elementor-active:after,.elementor-widget-tabs .elementor-tab-desktop-title.elementor-active:before{display:block;content:\"\";position:absolute}.elementor-widget-tabs .elementor-tab-desktop-title:focus-visible{border:1px solid #000}.elementor-widget-tabs .elementor-tab-mobile-title{padding:10px;cursor:pointer}.elementor-widget-tabs .elementor-tab-content{padding:20px;display:none}@media (max-width:767px){.elementor-tabs .elementor-tab-content,.elementor-tabs .elementor-tab-title{border-style:solid solid none}.elementor-tabs .elementor-tabs-wrapper{display:none}.elementor-tabs .elementor-tabs-content-wrapper{border-bottom-style:solid}.elementor-tabs .elementor-tab-content{padding:10px}}@media (min-width:768px){.elementor-widget-tabs.elementor-tabs-view-vertical .elementor-tabs{display:flex}.elementor-widget-tabs.elementor-tabs-view-vertical .elementor-tabs-wrapper{flex-direction:column}.elementor-widget-tabs.elementor-tabs-view-vertical .elementor-tabs-content-wrapper{flex-grow:1;border-style:solid solid solid none}.elementor-widget-tabs.elementor-tabs-view-horizontal .elementor-tab-content{border-style:none solid solid}.elementor-widget-tabs.elementor-tabs-alignment-center .elementor-tabs-wrapper,.elementor-widget-tabs.elementor-tabs-alignment-end .elementor-tabs-wrapper,.elementor-widget-tabs.elementor-tabs-alignment-stretch .elementor-tabs-wrapper{display:flex}.elementor-widget-tabs.elementor-tabs-alignment-center .elementor-tabs-wrapper{justify-content:center}.elementor-widget-tabs.elementor-tabs-alignment-end .elementor-tabs-wrapper{justify-content:flex-end}.elementor-widget-tabs.elementor-tabs-alignment-stretch.elementor-tabs-view-horizontal .elementor-tab-title{width:100%}.elementor-widget-tabs.elementor-tabs-alignment-stretch.elementor-tabs-view-vertical .elementor-tab-title{height:100%}.elementor-tabs .elementor-tab-mobile-title{display:none}}<\/style>\t\t<div class=\"elementor-tabs\">\n\t\t\t<div class=\"elementor-tabs-wrapper\" role=\"tablist\" >\n\t\t\t\t\t\t\t\t\t<div id=\"elementor-tab-title-1241\" class=\"elementor-tab-title elementor-tab-desktop-title\" aria-selected=\"true\" data-tab=\"1\" role=\"tab\" tabindex=\"0\" aria-controls=\"elementor-tab-content-1241\" aria-expanded=\"false\">About CONSTANT 2013<\/div>\n\t\t\t\t\t\t\t\t\t<div id=\"elementor-tab-title-1242\" class=\"elementor-tab-title elementor-tab-desktop-title\" aria-selected=\"false\" data-tab=\"2\" role=\"tab\" tabindex=\"-1\" aria-controls=\"elementor-tab-content-1242\" aria-expanded=\"false\">CONSTANT 2013 Programme<\/div>\n\t\t\t\t\t\t\t\t\t<div id=\"elementor-tab-title-1243\" class=\"elementor-tab-title elementor-tab-desktop-title\" aria-selected=\"false\" data-tab=\"3\" role=\"tab\" tabindex=\"-1\" aria-controls=\"elementor-tab-content-1243\" aria-expanded=\"false\">CONSTANT 2013 Brochure<\/div>\n\t\t\t\t\t\t\t\t\t<div id=\"elementor-tab-title-1244\" class=\"elementor-tab-title elementor-tab-desktop-title\" aria-selected=\"false\" data-tab=\"4\" role=\"tab\" tabindex=\"-1\" aria-controls=\"elementor-tab-content-1244\" aria-expanded=\"false\">CONSTANT 2013 Journal<\/div>\n\t\t\t\t\t\t\t\t\t<div id=\"elementor-tab-title-1245\" class=\"elementor-tab-title elementor-tab-desktop-title\" aria-selected=\"false\" data-tab=\"5\" role=\"tab\" tabindex=\"-1\" aria-controls=\"elementor-tab-content-1245\" aria-expanded=\"false\">ONLINE SUBMISSION<\/div>\n\t\t\t\t\t\t\t<\/div>\n\t\t\t<div class=\"elementor-tabs-content-wrapper\" role=\"tablist\" aria-orientation=\"vertical\">\n\t\t\t\t\t\t\t\t\t<div class=\"elementor-tab-title elementor-tab-mobile-title\" aria-selected=\"true\" data-tab=\"1\" role=\"tab\" tabindex=\"0\" aria-controls=\"elementor-tab-content-1241\" aria-expanded=\"false\">About CONSTANT 2013<\/div>\n\t\t\t\t\t<div id=\"elementor-tab-content-1241\" class=\"elementor-tab-content elementor-clearfix\" data-tab=\"1\" role=\"tabpanel\" aria-labelledby=\"elementor-tab-title-1241\" tabindex=\"0\" hidden=\"false\"><p style=\"text-align: center;\"><strong>Annual Student Conference<br \/>\u201eNicolae Titulescu\u201d &#8211; \u201eCONSTANT\u201d<br \/>19<sup>th<\/sup>\u00a0&#8211; 20<sup>th<\/sup>\u00a0April 2013, Bucharest, 2013<br \/>3<sup>th<\/sup>\u00a0Edition<\/strong><\/p><p align=\"justify\">The &#8220;Nicolae Titulescu&#8221; Annual Student Conference &#8211;\u00a0<strong>\u201eCONSTANT\u201d<\/strong>, an international event, organized by &#8220;Nicolae Titulescu&#8221; University of Bucharest and the University of Miskolc, Hungary, in partnership with the &#8220;Nicolae Titulescu&#8221; International Law and International Relations Foundation, the University Students Association Nicolae Titulescu (ASUNT) and Bucharest University Publishing House &#8220;Nicolae Titulescu&#8221; represent an opportunity for students and master students to develop and present studies in interdisciplinary fields (legal sciences, economics and social and administrative sciences), to integrate into society knowledge, characterized, among other things, by the necessity of scientific manifestations. From another perspective,\u00a0<strong>CONSTANT<\/strong>\u00a0is a reason to strengthen the fundamental teacher-student relationship, master-disciple, around which a large part of the university world is built. The student needs the teacher&#8217;s knowledge. Equally, the teacher needs (and owes) to provide knowledge, to guide the young researcher in the development of a scientific paper. By participating in\u00a0<strong>CONSTANT<\/strong>, as a result of the review process made by the established scientific committee, registered students and master students will have the opportunity to publish the studies elaborated in\u00a0<strong>CONSTANT-eBook<\/strong>, edited by the &#8220;Nicolae Titulescu&#8221; University Publishing House of Bucharest.\u00a0<strong>CONSTANT<\/strong>\u00a0will be conducted in Romanian and English (the contributions of the Romanian authors will be written in Romanian with an abstract in Romanian, the contributions of the foreign authors will be written in English with an abstract in English).<br \/><br \/><img decoding=\"async\" class=\"aligncenter\" src=\"http:\/\/constant.univnt.ro\/pictures\/constant2012.jpg\" alt=\"constant 2012\" \/><br \/><strong>CALL FOR PAPERS<\/strong><br \/>Students and master students interested in participating at CONSTANT 2013 are invited to submit studies in areas of interest (minimum 3000 words and maximum 8000 words). The studies of the Romanian authors will be written in Romanian. The studies of foreign authors will be written in English. In order to register the studies, one of the obligatory conditions is that each work is assumed by a teacher as a scientific coordinator. The studies will be evaluated by the members of the Scientific Committee.<br \/><br \/>Participants in the conference will send the study in the required form, online at the following address:\u00a0<a href=\"mailto:constant@univnt.ro\">constant@univnt.ro<\/a><br \/>It is advisable to submit the study in a power point presentation (about ten minutes).<\/p><p align=\"justify\"><strong>NO FEE FOR PARTICIPATION!<\/strong><\/p><\/div>\n\t\t\t\t\t\t\t\t\t<div class=\"elementor-tab-title elementor-tab-mobile-title\" aria-selected=\"false\" data-tab=\"2\" role=\"tab\" tabindex=\"-1\" aria-controls=\"elementor-tab-content-1242\" aria-expanded=\"false\">CONSTANT 2013 Programme<\/div>\n\t\t\t\t\t<div id=\"elementor-tab-content-1242\" class=\"elementor-tab-content elementor-clearfix\" data-tab=\"2\" role=\"tabpanel\" aria-labelledby=\"elementor-tab-title-1242\" tabindex=\"0\" hidden=\"hidden\"><p style=\"text-align: center;\"><a href=\"http:\/\/constant.univnt.ro\/wp-content\/uploads\/program\/program_constant_2013.pdf\"><strong><button type=\"button\">Programme<\/button><\/strong><\/a><\/p><\/div>\n\t\t\t\t\t\t\t\t\t<div class=\"elementor-tab-title elementor-tab-mobile-title\" aria-selected=\"false\" data-tab=\"3\" role=\"tab\" tabindex=\"-1\" aria-controls=\"elementor-tab-content-1243\" aria-expanded=\"false\">CONSTANT 2013 Brochure<\/div>\n\t\t\t\t\t<div id=\"elementor-tab-content-1243\" class=\"elementor-tab-content elementor-clearfix\" data-tab=\"3\" role=\"tabpanel\" aria-labelledby=\"elementor-tab-title-1243\" tabindex=\"0\" hidden=\"hidden\"><p style=\"text-align: center;\"><a href=\"http:\/\/constant.univnt.ro\/wp-content\/uploads\/brosura\/brosura_constant_2013.pdf\"><strong><button type=\"button\">Brochure<\/button><\/strong><\/a><\/p><\/div>\n\t\t\t\t\t\t\t\t\t<div class=\"elementor-tab-title elementor-tab-mobile-title\" aria-selected=\"false\" data-tab=\"4\" role=\"tab\" tabindex=\"-1\" aria-controls=\"elementor-tab-content-1244\" aria-expanded=\"false\">CONSTANT 2013 Journal<\/div>\n\t\t\t\t\t<div id=\"elementor-tab-content-1244\" class=\"elementor-tab-content elementor-clearfix\" data-tab=\"4\" role=\"tabpanel\" aria-labelledby=\"elementor-tab-title-1244\" tabindex=\"0\" hidden=\"hidden\"><p style=\"text-align: center;\"><a href=\"http:\/\/constant.univnt.ro\/wp-content\/uploads\/ebook\/ebook_constant_2013.pdf\"><strong><button type=\"button\">Journal<\/button><\/strong><\/a><\/p><\/div>\n\t\t\t\t\t\t\t\t\t<div class=\"elementor-tab-title elementor-tab-mobile-title\" aria-selected=\"false\" data-tab=\"5\" role=\"tab\" tabindex=\"-1\" aria-controls=\"elementor-tab-content-1245\" aria-expanded=\"false\">ONLINE SUBMISSION<\/div>\n\t\t\t\t\t<div id=\"elementor-tab-content-1245\" class=\"elementor-tab-content elementor-clearfix\" data-tab=\"5\" role=\"tabpanel\" aria-labelledby=\"elementor-tab-title-1245\" tabindex=\"0\" hidden=\"hidden\"><p style=\"text-align: center;\"><a href=\"https:\/\/forms.gle\/z4FmRS3sbfdkf8ja6\"><strong><button type=\"button\">ONLINE SUBMISSION<\/button><\/strong><\/a><\/p><\/div>\n\t\t\t\t\t\t\t<\/div>\n\t\t<\/div>\n\t\t\t\t<\/div>\n\t\t\t\t<\/div>\n\t\t\t\t\t<\/div>\n\t\t<\/div>\n\t\t\t\t\t\t\t<\/div>\n\t\t<\/section>\n\t\t\t\t\t\t\t<\/div>\n\t\t","protected":false},"excerpt":{"rendered":"<p>About CONSTANT 2013 CONSTANT 2013 Programme CONSTANT 2013 Brochure CONSTANT 2013 Journal ONLINE SUBMISSION About CONSTANT 2013 Annual Student Conference\u201eNicolae Titulescu\u201d &#8211; \u201eCONSTANT\u201d19th\u00a0&#8211; 20th\u00a0April 2013, Bucharest, 20133th\u00a0Edition The &#8220;Nicolae Titulescu&#8221; Annual Student Conference &#8211;\u00a0\u201eCONSTANT\u201d, an international event, organized by &#8220;Nicolae Titulescu&#8221; University of Bucharest and the University of Miskolc, Hungary, in partnership with the &#8220;Nicolae [&hellip;]<\/p>\n","protected":false},"author":1,"featured_media":0,"parent":0,"menu_order":0,"comment_status":"closed","ping_status":"closed","template":"","meta":[],"yoast_head":"<!-- This site is optimized with the Yoast SEO plugin v20.2.1 - https:\/\/yoast.com\/wordpress\/plugins\/seo\/ -->\n<title>Constant 2013 - CONSTANT - Conferin\u0163a studen\u0163easc\u0103 anual\u0103 &quot;Nicolae Titulescu&quot;<\/title>\n<meta name=\"robots\" content=\"noindex, follow, max-snippet:-1, max-image-preview:large, max-video-preview:-1\" \/>\n<meta property=\"og:locale\" content=\"en_US\" \/>\n<meta property=\"og:type\" content=\"article\" \/>\n<meta property=\"og:title\" content=\"Constant 2013 - CONSTANT - Conferin\u0163a studen\u0163easc\u0103 anual\u0103 &quot;Nicolae Titulescu&quot;\" \/>\n<meta property=\"og:description\" content=\"About CONSTANT 2013 CONSTANT 2013 Programme CONSTANT 2013 Brochure CONSTANT 2013 Journal ONLINE SUBMISSION About CONSTANT 2013 Annual Student Conference\u201eNicolae Titulescu\u201d &#8211; \u201eCONSTANT\u201d19th\u00a0&#8211; 20th\u00a0April 2013, Bucharest, 20133th\u00a0Edition The &#8220;Nicolae Titulescu&#8221; Annual Student Conference &#8211;\u00a0\u201eCONSTANT\u201d, an international event, organized by &#8220;Nicolae Titulescu&#8221; University of Bucharest and the University of Miskolc, Hungary, in partnership with the &#8220;Nicolae [&hellip;]\" \/>\n<meta property=\"og:url\" content=\"https:\/\/constant.univnt.ro\/index.php\/en\/constant-2013-2\/\" \/>\n<meta property=\"og:site_name\" content=\"CONSTANT - Conferin\u0163a studen\u0163easc\u0103 anual\u0103 &quot;Nicolae Titulescu&quot;\" \/>\n<meta property=\"article:modified_time\" content=\"2023-03-03T12:07:45+00:00\" \/>\n<meta property=\"og:image\" content=\"http:\/\/constant.univnt.ro\/pictures\/constant2012.jpg\" \/>\n<meta name=\"twitter:card\" content=\"summary_large_image\" \/>\n<meta name=\"twitter:label1\" content=\"Est. reading time\" \/>\n\t<meta name=\"twitter:data1\" content=\"2 minutes\" \/>\n<script type=\"application\/ld+json\" class=\"yoast-schema-graph\">{\"@context\":\"https:\/\/schema.org\",\"@graph\":[{\"@type\":\"WebPage\",\"@id\":\"https:\/\/constant.univnt.ro\/index.php\/en\/constant-2013-2\/\",\"url\":\"https:\/\/constant.univnt.ro\/index.php\/en\/constant-2013-2\/\",\"name\":\"Constant 2013 - CONSTANT - Conferin\u0163a studen\u0163easc\u0103 anual\u0103 &quot;Nicolae Titulescu&quot;\",\"isPartOf\":{\"@id\":\"https:\/\/constant.univnt.ro\/#website\"},\"datePublished\":\"2022-12-01T14:11:05+00:00\",\"dateModified\":\"2023-03-03T12:07:45+00:00\",\"breadcrumb\":{\"@id\":\"https:\/\/constant.univnt.ro\/index.php\/en\/constant-2013-2\/#breadcrumb\"},\"inLanguage\":\"en-US\",\"potentialAction\":[{\"@type\":\"ReadAction\",\"target\":[\"https:\/\/constant.univnt.ro\/index.php\/en\/constant-2013-2\/\"]}]},{\"@type\":\"BreadcrumbList\",\"@id\":\"https:\/\/constant.univnt.ro\/index.php\/en\/constant-2013-2\/#breadcrumb\",\"itemListElement\":[{\"@type\":\"ListItem\",\"position\":1,\"name\":\"Acas\u0103\",\"item\":\"https:\/\/constant.univnt.ro\/\"},{\"@type\":\"ListItem\",\"position\":2,\"name\":\"Constant 2013\"}]},{\"@type\":\"WebSite\",\"@id\":\"https:\/\/constant.univnt.ro\/#website\",\"url\":\"https:\/\/constant.univnt.ro\/\",\"name\":\"CONSTANT - Conferin\u0163a studen\u0163easc\u0103 anual\u0103 &quot;Nicolae Titulescu&quot;\",\"description\":\"Conferin\u0163a studen\u0163easc\u0103 anual\u0103 &quot;Nicolae Titulescu&quot; CONSTANT\",\"publisher\":{\"@id\":\"https:\/\/constant.univnt.ro\/#organization\"},\"potentialAction\":[{\"@type\":\"SearchAction\",\"target\":{\"@type\":\"EntryPoint\",\"urlTemplate\":\"https:\/\/constant.univnt.ro\/?s={search_term_string}\"},\"query-input\":\"required name=search_term_string\"}],\"inLanguage\":\"en-US\"},{\"@type\":\"Organization\",\"@id\":\"https:\/\/constant.univnt.ro\/#organization\",\"name\":\"CONSTANT - Conferin\u0163a studen\u0163easc\u0103 anual\u0103 &quot;Nicolae Titulescu&quot;\",\"url\":\"https:\/\/constant.univnt.ro\/\",\"logo\":{\"@type\":\"ImageObject\",\"inLanguage\":\"en-US\",\"@id\":\"https:\/\/constant.univnt.ro\/#\/schema\/logo\/image\/\",\"url\":\"https:\/\/constant.univnt.ro\/wp-content\/uploads\/2022\/12\/cropped-logo-univnt.png\",\"contentUrl\":\"https:\/\/constant.univnt.ro\/wp-content\/uploads\/2022\/12\/cropped-logo-univnt.png\",\"width\":190,\"height\":190,\"caption\":\"CONSTANT - Conferin\u0163a studen\u0163easc\u0103 anual\u0103 &quot;Nicolae Titulescu&quot;\"},\"image\":{\"@id\":\"https:\/\/constant.univnt.ro\/#\/schema\/logo\/image\/\"}}]}<\/script>\n<!-- \/ Yoast SEO plugin. -->","yoast_head_json":{"title":"Constant 2013 - CONSTANT - Conferin\u0163a studen\u0163easc\u0103 anual\u0103 &quot;Nicolae Titulescu&quot;","robots":{"index":"noindex","follow":"follow","max-snippet":"max-snippet:-1","max-image-preview":"max-image-preview:large","max-video-preview":"max-video-preview:-1"},"og_locale":"en_US","og_type":"article","og_title":"Constant 2013 - CONSTANT - Conferin\u0163a studen\u0163easc\u0103 anual\u0103 &quot;Nicolae Titulescu&quot;","og_description":"About CONSTANT 2013 CONSTANT 2013 Programme CONSTANT 2013 Brochure CONSTANT 2013 Journal ONLINE SUBMISSION About CONSTANT 2013 Annual Student Conference\u201eNicolae Titulescu\u201d &#8211; \u201eCONSTANT\u201d19th\u00a0&#8211; 20th\u00a0April 2013, Bucharest, 20133th\u00a0Edition The &#8220;Nicolae Titulescu&#8221; Annual Student Conference &#8211;\u00a0\u201eCONSTANT\u201d, an international event, organized by &#8220;Nicolae Titulescu&#8221; University of Bucharest and the University of Miskolc, Hungary, in partnership with the &#8220;Nicolae [&hellip;]","og_url":"https:\/\/constant.univnt.ro\/index.php\/en\/constant-2013-2\/","og_site_name":"CONSTANT - Conferin\u0163a studen\u0163easc\u0103 anual\u0103 &quot;Nicolae Titulescu&quot;","article_modified_time":"2023-03-03T12:07:45+00:00","og_image":[{"url":"http:\/\/constant.univnt.ro\/pictures\/constant2012.jpg"}],"twitter_card":"summary_large_image","twitter_misc":{"Est. reading time":"2 minutes"},"schema":{"@context":"https:\/\/schema.org","@graph":[{"@type":"WebPage","@id":"https:\/\/constant.univnt.ro\/index.php\/en\/constant-2013-2\/","url":"https:\/\/constant.univnt.ro\/index.php\/en\/constant-2013-2\/","name":"Constant 2013 - CONSTANT - Conferin\u0163a studen\u0163easc\u0103 anual\u0103 &quot;Nicolae Titulescu&quot;","isPartOf":{"@id":"https:\/\/constant.univnt.ro\/#website"},"datePublished":"2022-12-01T14:11:05+00:00","dateModified":"2023-03-03T12:07:45+00:00","breadcrumb":{"@id":"https:\/\/constant.univnt.ro\/index.php\/en\/constant-2013-2\/#breadcrumb"},"inLanguage":"en-US","potentialAction":[{"@type":"ReadAction","target":["https:\/\/constant.univnt.ro\/index.php\/en\/constant-2013-2\/"]}]},{"@type":"BreadcrumbList","@id":"https:\/\/constant.univnt.ro\/index.php\/en\/constant-2013-2\/#breadcrumb","itemListElement":[{"@type":"ListItem","position":1,"name":"Acas\u0103","item":"https:\/\/constant.univnt.ro\/"},{"@type":"ListItem","position":2,"name":"Constant 2013"}]},{"@type":"WebSite","@id":"https:\/\/constant.univnt.ro\/#website","url":"https:\/\/constant.univnt.ro\/","name":"CONSTANT - Conferin\u0163a studen\u0163easc\u0103 anual\u0103 &quot;Nicolae Titulescu&quot;","description":"Conferin\u0163a studen\u0163easc\u0103 anual\u0103 &quot;Nicolae Titulescu&quot; CONSTANT","publisher":{"@id":"https:\/\/constant.univnt.ro\/#organization"},"potentialAction":[{"@type":"SearchAction","target":{"@type":"EntryPoint","urlTemplate":"https:\/\/constant.univnt.ro\/?s={search_term_string}"},"query-input":"required name=search_term_string"}],"inLanguage":"en-US"},{"@type":"Organization","@id":"https:\/\/constant.univnt.ro\/#organization","name":"CONSTANT - Conferin\u0163a studen\u0163easc\u0103 anual\u0103 &quot;Nicolae Titulescu&quot;","url":"https:\/\/constant.univnt.ro\/","logo":{"@type":"ImageObject","inLanguage":"en-US","@id":"https:\/\/constant.univnt.ro\/#\/schema\/logo\/image\/","url":"https:\/\/constant.univnt.ro\/wp-content\/uploads\/2022\/12\/cropped-logo-univnt.png","contentUrl":"https:\/\/constant.univnt.ro\/wp-content\/uploads\/2022\/12\/cropped-logo-univnt.png","width":190,"height":190,"caption":"CONSTANT - Conferin\u0163a studen\u0163easc\u0103 anual\u0103 &quot;Nicolae Titulescu&quot;"},"image":{"@id":"https:\/\/constant.univnt.ro\/#\/schema\/logo\/image\/"}}]}},"_links":{"self":[{"href":"https:\/\/constant.univnt.ro\/index.php\/wp-json\/wp\/v2\/pages\/1363"}],"collection":[{"href":"https:\/\/constant.univnt.ro\/index.php\/wp-json\/wp\/v2\/pages"}],"about":[{"href":"https:\/\/constant.univnt.ro\/index.php\/wp-json\/wp\/v2\/types\/page"}],"author":[{"embeddable":true,"href":"https:\/\/constant.univnt.ro\/index.php\/wp-json\/wp\/v2\/users\/1"}],"replies":[{"embeddable":true,"href":"https:\/\/constant.univnt.ro\/index.php\/wp-json\/wp\/v2\/comments?post=1363"}],"version-history":[{"count":4,"href":"https:\/\/constant.univnt.ro\/index.php\/wp-json\/wp\/v2\/pages\/1363\/revisions"}],"predecessor-version":[{"id":1477,"href":"https:\/\/constant.univnt.ro\/index.php\/wp-json\/wp\/v2\/pages\/1363\/revisions\/1477"}],"wp:attachment":[{"href":"https:\/\/constant.univnt.ro\/index.php\/wp-json\/wp\/v2\/media?parent=1363"}],"curies":[{"name":"wp","href":"https:\/\/api.w.org\/{rel}","templated":true}]}}