{"id":1327,"date":"2022-12-01T11:39:21","date_gmt":"2022-12-01T11:39:21","guid":{"rendered":"http:\/\/george2.univnt.ro\/?page_id=1327"},"modified":"2023-03-01T13:30:49","modified_gmt":"2023-03-01T13:30:49","slug":"home","status":"publish","type":"page","link":"https:\/\/constant.univnt.ro\/index.php\/en\/home\/","title":{"rendered":"Home"},"content":{"rendered":"\t\t<div data-elementor-type=\"wp-page\" data-elementor-id=\"1327\" class=\"elementor elementor-1327\">\n\t\t\t\t\t\t\t\t\t<section class=\"elementor-section elementor-top-section elementor-element elementor-element-8a9b8b9 elementor-section-boxed elementor-section-height-default elementor-section-height-default\" data-id=\"8a9b8b9\" data-element_type=\"section\">\n\t\t\t\t\t\t<div class=\"elementor-container elementor-column-gap-default\">\n\t\t\t\t\t<div class=\"elementor-column elementor-col-100 elementor-top-column elementor-element elementor-element-230ab37\" data-id=\"230ab37\" data-element_type=\"column\">\n\t\t\t<div class=\"elementor-widget-wrap elementor-element-populated\">\n\t\t\t\t\t\t\t\t<div class=\"elementor-element elementor-element-da3b936 elementor-arrows-position-inside elementor-pagination-position-outside elementor-widget elementor-widget-image-carousel\" data-id=\"da3b936\" data-element_type=\"widget\" data-settings=\"{&quot;slides_to_show&quot;:&quot;1&quot;,&quot;navigation&quot;:&quot;both&quot;,&quot;autoplay&quot;:&quot;yes&quot;,&quot;pause_on_hover&quot;:&quot;yes&quot;,&quot;pause_on_interaction&quot;:&quot;yes&quot;,&quot;autoplay_speed&quot;:5000,&quot;infinite&quot;:&quot;yes&quot;,&quot;effect&quot;:&quot;slide&quot;,&quot;speed&quot;:500}\" data-widget_type=\"image-carousel.default\">\n\t\t\t\t<div class=\"elementor-widget-container\">\n\t\t\t<style>\/*! elementor - v3.11.3 - 07-03-2023 *\/\n.elementor-widget-image-carousel .swiper,.elementor-widget-image-carousel .swiper-container{position:static}.elementor-widget-image-carousel .swiper-container .swiper-slide figure,.elementor-widget-image-carousel .swiper .swiper-slide figure{line-height:inherit}.elementor-widget-image-carousel .swiper-slide{text-align:center}.elementor-image-carousel-wrapper:not(.swiper-container-initialized) .swiper-slide,.elementor-image-carousel-wrapper:not(.swiper-initialized) .swiper-slide{max-width:calc(100% \/ var(--e-image-carousel-slides-to-show, 3))}<\/style>\t\t<div class=\"elementor-image-carousel-wrapper swiper-container\" dir=\"ltr\">\n\t\t\t<div class=\"elementor-image-carousel swiper-wrapper\">\n\t\t\t\t\t\t\t\t<div class=\"swiper-slide\"><figure class=\"swiper-slide-inner\"><img decoding=\"async\" class=\"swiper-slide-image\" src=\"https:\/\/constant.univnt.ro\/wp-content\/uploads\/2023\/03\/11-24-scaled.jpg\" alt=\"11 (24)\" \/><\/figure><\/div><div class=\"swiper-slide\"><figure class=\"swiper-slide-inner\"><img decoding=\"async\" class=\"swiper-slide-image\" src=\"https:\/\/constant.univnt.ro\/wp-content\/uploads\/2023\/03\/1-92-scaled.jpg\" alt=\"1 (92)\" \/><\/figure><\/div><div class=\"swiper-slide\"><figure class=\"swiper-slide-inner\"><img decoding=\"async\" class=\"swiper-slide-image\" src=\"https:\/\/constant.univnt.ro\/wp-content\/uploads\/2022\/12\/alvaro-serrano-hjwKMkehBco-unsplash-1024x683-1.jpg\" alt=\"alvaro-serrano-hjwKMkehBco-unsplash-1024x683\" \/><\/figure><\/div><div class=\"swiper-slide\"><figure class=\"swiper-slide-inner\"><img decoding=\"async\" class=\"swiper-slide-image\" src=\"https:\/\/constant.univnt.ro\/wp-content\/uploads\/2023\/03\/1-101-scaled.jpg\" alt=\"1 (101)\" \/><\/figure><\/div>\t\t\t<\/div>\n\t\t\t\t\t\t\t\t\t\t\t\t<div class=\"swiper-pagination\"><\/div>\n\t\t\t\t\t\t\t\t\t\t\t\t\t<div class=\"elementor-swiper-button elementor-swiper-button-prev\">\n\t\t\t\t\t\t<i aria-hidden=\"true\" class=\"eicon-chevron-left\"><\/i>\t\t\t\t\t\t<span class=\"elementor-screen-only\">Previous<\/span>\n\t\t\t\t\t<\/div>\n\t\t\t\t\t<div class=\"elementor-swiper-button elementor-swiper-button-next\">\n\t\t\t\t\t\t<i aria-hidden=\"true\" class=\"eicon-chevron-right\"><\/i>\t\t\t\t\t\t<span class=\"elementor-screen-only\">Next<\/span>\n\t\t\t\t\t<\/div>\n\t\t\t\t\t\t\t\t\t<\/div>\n\t\t\t\t<\/div>\n\t\t\t\t<\/div>\n\t\t\t\t\t<\/div>\n\t\t<\/div>\n\t\t\t\t\t\t\t<\/div>\n\t\t<\/section>\n\t\t\t\t<section class=\"elementor-section elementor-top-section elementor-element elementor-element-379882d elementor-section-boxed elementor-section-height-default elementor-section-height-default\" data-id=\"379882d\" data-element_type=\"section\">\n\t\t\t\t\t\t<div class=\"elementor-container elementor-column-gap-default\">\n\t\t\t\t\t<div class=\"elementor-column elementor-col-100 elementor-top-column elementor-element elementor-element-2954786\" data-id=\"2954786\" data-element_type=\"column\">\n\t\t\t<div class=\"elementor-widget-wrap elementor-element-populated\">\n\t\t\t\t\t\t\t\t<div class=\"elementor-element elementor-element-84e80bb elementor-widget elementor-widget-text-editor\" data-id=\"84e80bb\" data-element_type=\"widget\" data-widget_type=\"text-editor.default\">\n\t\t\t\t<div class=\"elementor-widget-container\">\n\t\t\t<style>\/*! elementor - v3.11.3 - 07-03-2023 *\/\n.elementor-widget-text-editor.elementor-drop-cap-view-stacked .elementor-drop-cap{background-color:#818a91;color:#fff}.elementor-widget-text-editor.elementor-drop-cap-view-framed .elementor-drop-cap{color:#818a91;border:3px solid;background-color:transparent}.elementor-widget-text-editor:not(.elementor-drop-cap-view-default) .elementor-drop-cap{margin-top:8px}.elementor-widget-text-editor:not(.elementor-drop-cap-view-default) .elementor-drop-cap-letter{width:1em;height:1em}.elementor-widget-text-editor .elementor-drop-cap{float:left;text-align:center;line-height:1;font-size:50px}.elementor-widget-text-editor .elementor-drop-cap-letter{display:inline-block}<\/style>\t\t\t\t<p>Annual Student Conference \u201eNicolae Titulescu\u201d &#8211; \u201e<strong>CONSTANT<\/strong>\u201d<\/p><p>\u00a0<\/p><p align=\"justify\">The year 2011 represents, from the perspective of the scientific research of the students and master students of the university, the debut of the &#8220;Nicolae Titulescu&#8221; Annual Student Conference &#8211; \u201e<strong>CONSTANT<\/strong>\u201d, a manifestation of international profile, organized by &#8220;Nicolae Titulescu&#8221; University of Bucharest and the University of Miskolc, in partnership with Nicolae Titulescu Foundation for Law and International Relations, Nicolae Titulescu University Students Association (ASUNT) and Bucharest University &#8220;Nicolae Titulescu&#8221; Publishing House.<br \/><br \/>Starting with the academic year 2017-2018, the conference is joined by &#8220;Angel Kancev&#8221; University of Ruse. \u201e<strong>CONSTANT<\/strong>\u201d represents an opportunity for students and master students to develop and present studies in interdisciplinary fields of social sciences (legal sciences, economics, public administration sciences, international relations, political sciences, European studies), to integrate into the knowledge society, characterized, among other things, by the need for such events dedicated to those at the beginning of their professional career.<\/p>\t\t\t\t\t\t<\/div>\n\t\t\t\t<\/div>\n\t\t\t\t<div class=\"elementor-element elementor-element-2426511 elementor-widget elementor-widget-toggle\" data-id=\"2426511\" data-element_type=\"widget\" data-widget_type=\"toggle.default\">\n\t\t\t\t<div class=\"elementor-widget-container\">\n\t\t\t<style>\/*! elementor - v3.11.3 - 07-03-2023 *\/\n.elementor-toggle{text-align:left}.elementor-toggle .elementor-tab-title{font-weight:700;line-height:1;margin:0;padding:15px;border-bottom:1px solid #d4d4d4;cursor:pointer;outline:none}.elementor-toggle .elementor-tab-title .elementor-toggle-icon{display:inline-block;width:1em}.elementor-toggle .elementor-tab-title .elementor-toggle-icon svg{-webkit-margin-start:-5px;margin-inline-start:-5px;width:1em;height:1em}.elementor-toggle .elementor-tab-title .elementor-toggle-icon.elementor-toggle-icon-right{float:right;text-align:right}.elementor-toggle .elementor-tab-title .elementor-toggle-icon.elementor-toggle-icon-left{float:left;text-align:left}.elementor-toggle .elementor-tab-title .elementor-toggle-icon .elementor-toggle-icon-closed{display:block}.elementor-toggle .elementor-tab-title .elementor-toggle-icon .elementor-toggle-icon-opened{display:none}.elementor-toggle .elementor-tab-title.elementor-active{border-bottom:none}.elementor-toggle .elementor-tab-title.elementor-active .elementor-toggle-icon-closed{display:none}.elementor-toggle .elementor-tab-title.elementor-active .elementor-toggle-icon-opened{display:block}.elementor-toggle .elementor-tab-content{padding:15px;border-bottom:1px solid #d4d4d4;display:none}@media (max-width:767px){.elementor-toggle .elementor-tab-title{padding:12px}.elementor-toggle .elementor-tab-content{padding:12px 10px}}.e-con-inner>.elementor-widget-toggle,.e-con>.elementor-widget-toggle{width:var(--container-widget-width);--flex-grow:var(--container-widget-flex-grow)}<\/style>\t\t<div class=\"elementor-toggle\" role=\"tablist\">\n\t\t\t\t\t\t\t<div class=\"elementor-toggle-item\">\n\t\t\t\t\t<div id=\"elementor-tab-title-3791\" class=\"elementor-tab-title\" data-tab=\"1\" role=\"tab\" aria-controls=\"elementor-tab-content-3791\" aria-expanded=\"false\">\n\t\t\t\t\t\t\t\t\t\t\t\t<span class=\"elementor-toggle-icon elementor-toggle-icon-left\" aria-hidden=\"true\">\n\t\t\t\t\t\t\t\t\t\t\t\t\t\t\t<span class=\"elementor-toggle-icon-closed\"><i class=\"fas fa-caret-right\"><\/i><\/span>\n\t\t\t\t\t\t\t\t<span class=\"elementor-toggle-icon-opened\"><i class=\"elementor-toggle-icon-opened fas fa-caret-up\"><\/i><\/span>\n\t\t\t\t\t\t\t\t\t\t\t\t\t<\/span>\n\t\t\t\t\t\t\t\t\t\t\t\t<a href=\"\" class=\"elementor-toggle-title\">Read more....<\/a>\n\t\t\t\t\t<\/div>\n\n\t\t\t\t\t<div id=\"elementor-tab-content-3791\" class=\"elementor-tab-content elementor-clearfix\" data-tab=\"1\" role=\"tabpanel\" aria-labelledby=\"elementor-tab-title-3791\"><p style=\"text-align: justify;\"><strong>CONSTANT<\/strong>&#8216;s assumed objective is to encourage young researchers to give them the opportunity to publish their own research. This desiderate is all the more important as the organizers understand the need to strengthen the fundamental teacher-student relationship, master-disciple, relationship around which a large part of the university world is built. Thus, the student, the master student needs the knowledge of the teacher. Equally, the didactic framework needs (and owes) to provide knowledge, to guide the young researcher in the study required to draw up a scientific paper.<br \/><br \/>By participating in\u00a0<strong>CONSTANT<\/strong>, following the evaluation process, registered students and students have the opportunity to publish the studies elaborated in the conference volume, CONSTANT journal, published by the &#8220;Nicolae Titulescu&#8221; University Publishing House in Bucharest. CONSTANT is conducted in Romanian and English (the contributions of the Romanian authors will be written in Romanian with an abstract in Romanian, the contributions of the foreign authors will be written in English with an abstract in English)<\/p><\/div>\n\t\t\t\t<\/div>\n\t\t\t\t\t\t\t\t<\/div>\n\t\t\t\t<\/div>\n\t\t\t\t<\/div>\n\t\t\t\t\t<\/div>\n\t\t<\/div>\n\t\t\t\t\t\t\t<\/div>\n\t\t<\/section>\n\t\t\t\t\t\t\t<\/div>\n\t\t","protected":false},"excerpt":{"rendered":"<p>Previous Next Annual Student Conference \u201eNicolae Titulescu\u201d &#8211; \u201eCONSTANT\u201d \u00a0 The year 2011 represents, from the perspective of the scientific research of the students and master students of the university, the debut of the &#8220;Nicolae Titulescu&#8221; Annual Student Conference &#8211; \u201eCONSTANT\u201d, a manifestation of international profile, organized by &#8220;Nicolae Titulescu&#8221; University of Bucharest and the [&hellip;]<\/p>\n","protected":false},"author":1,"featured_media":0,"parent":0,"menu_order":0,"comment_status":"closed","ping_status":"closed","template":"","meta":[],"yoast_head":"<!-- This site is optimized with the Yoast SEO plugin v20.2.1 - https:\/\/yoast.com\/wordpress\/plugins\/seo\/ -->\n<title>Home - CONSTANT - Conferin\u0163a studen\u0163easc\u0103 anual\u0103 &quot;Nicolae Titulescu&quot;<\/title>\n<meta name=\"robots\" content=\"noindex, follow, max-snippet:-1, max-image-preview:large, max-video-preview:-1\" \/>\n<meta property=\"og:locale\" content=\"en_US\" \/>\n<meta property=\"og:type\" content=\"article\" \/>\n<meta property=\"og:title\" content=\"Home - CONSTANT - Conferin\u0163a studen\u0163easc\u0103 anual\u0103 &quot;Nicolae Titulescu&quot;\" \/>\n<meta property=\"og:description\" content=\"Previous Next Annual Student Conference \u201eNicolae Titulescu\u201d &#8211; \u201eCONSTANT\u201d \u00a0 The year 2011 represents, from the perspective of the scientific research of the students and master students of the university, the debut of the &#8220;Nicolae Titulescu&#8221; Annual Student Conference &#8211; \u201eCONSTANT\u201d, a manifestation of international profile, organized by &#8220;Nicolae Titulescu&#8221; University of Bucharest and the [&hellip;]\" \/>\n<meta property=\"og:url\" content=\"https:\/\/constant.univnt.ro\/index.php\/en\/home\/\" \/>\n<meta property=\"og:site_name\" content=\"CONSTANT - Conferin\u0163a studen\u0163easc\u0103 anual\u0103 &quot;Nicolae Titulescu&quot;\" \/>\n<meta property=\"article:modified_time\" content=\"2023-03-01T13:30:49+00:00\" \/>\n<meta property=\"og:image\" content=\"http:\/\/constant.univnt.ro\/wp-content\/uploads\/2023\/03\/11-24-scaled.jpg\" \/>\n<meta name=\"twitter:card\" content=\"summary_large_image\" \/>\n<meta name=\"twitter:label1\" content=\"Est. reading time\" \/>\n\t<meta name=\"twitter:data1\" content=\"3 minutes\" \/>\n<script type=\"application\/ld+json\" class=\"yoast-schema-graph\">{\"@context\":\"https:\/\/schema.org\",\"@graph\":[{\"@type\":\"WebPage\",\"@id\":\"https:\/\/constant.univnt.ro\/index.php\/en\/home\/\",\"url\":\"https:\/\/constant.univnt.ro\/index.php\/en\/home\/\",\"name\":\"Home - CONSTANT - Conferin\u0163a studen\u0163easc\u0103 anual\u0103 &quot;Nicolae Titulescu&quot;\",\"isPartOf\":{\"@id\":\"https:\/\/constant.univnt.ro\/#website\"},\"datePublished\":\"2022-12-01T11:39:21+00:00\",\"dateModified\":\"2023-03-01T13:30:49+00:00\",\"breadcrumb\":{\"@id\":\"https:\/\/constant.univnt.ro\/index.php\/en\/home\/#breadcrumb\"},\"inLanguage\":\"en-US\",\"potentialAction\":[{\"@type\":\"ReadAction\",\"target\":[\"https:\/\/constant.univnt.ro\/index.php\/en\/home\/\"]}]},{\"@type\":\"BreadcrumbList\",\"@id\":\"https:\/\/constant.univnt.ro\/index.php\/en\/home\/#breadcrumb\",\"itemListElement\":[{\"@type\":\"ListItem\",\"position\":1,\"name\":\"Acas\u0103\",\"item\":\"https:\/\/constant.univnt.ro\/\"},{\"@type\":\"ListItem\",\"position\":2,\"name\":\"Home\"}]},{\"@type\":\"WebSite\",\"@id\":\"https:\/\/constant.univnt.ro\/#website\",\"url\":\"https:\/\/constant.univnt.ro\/\",\"name\":\"CONSTANT - Conferin\u0163a studen\u0163easc\u0103 anual\u0103 &quot;Nicolae Titulescu&quot;\",\"description\":\"Conferin\u0163a studen\u0163easc\u0103 anual\u0103 &quot;Nicolae Titulescu&quot; CONSTANT\",\"publisher\":{\"@id\":\"https:\/\/constant.univnt.ro\/#organization\"},\"potentialAction\":[{\"@type\":\"SearchAction\",\"target\":{\"@type\":\"EntryPoint\",\"urlTemplate\":\"https:\/\/constant.univnt.ro\/?s={search_term_string}\"},\"query-input\":\"required name=search_term_string\"}],\"inLanguage\":\"en-US\"},{\"@type\":\"Organization\",\"@id\":\"https:\/\/constant.univnt.ro\/#organization\",\"name\":\"CONSTANT - Conferin\u0163a studen\u0163easc\u0103 anual\u0103 &quot;Nicolae Titulescu&quot;\",\"url\":\"https:\/\/constant.univnt.ro\/\",\"logo\":{\"@type\":\"ImageObject\",\"inLanguage\":\"en-US\",\"@id\":\"https:\/\/constant.univnt.ro\/#\/schema\/logo\/image\/\",\"url\":\"https:\/\/constant.univnt.ro\/wp-content\/uploads\/2022\/12\/cropped-logo-univnt.png\",\"contentUrl\":\"https:\/\/constant.univnt.ro\/wp-content\/uploads\/2022\/12\/cropped-logo-univnt.png\",\"width\":190,\"height\":190,\"caption\":\"CONSTANT - Conferin\u0163a studen\u0163easc\u0103 anual\u0103 &quot;Nicolae Titulescu&quot;\"},\"image\":{\"@id\":\"https:\/\/constant.univnt.ro\/#\/schema\/logo\/image\/\"}}]}<\/script>\n<!-- \/ Yoast SEO plugin. -->","yoast_head_json":{"title":"Home - CONSTANT - Conferin\u0163a studen\u0163easc\u0103 anual\u0103 &quot;Nicolae Titulescu&quot;","robots":{"index":"noindex","follow":"follow","max-snippet":"max-snippet:-1","max-image-preview":"max-image-preview:large","max-video-preview":"max-video-preview:-1"},"og_locale":"en_US","og_type":"article","og_title":"Home - CONSTANT - Conferin\u0163a studen\u0163easc\u0103 anual\u0103 &quot;Nicolae Titulescu&quot;","og_description":"Previous Next Annual Student Conference \u201eNicolae Titulescu\u201d &#8211; \u201eCONSTANT\u201d \u00a0 The year 2011 represents, from the perspective of the scientific research of the students and master students of the university, the debut of the &#8220;Nicolae Titulescu&#8221; Annual Student Conference &#8211; \u201eCONSTANT\u201d, a manifestation of international profile, organized by &#8220;Nicolae Titulescu&#8221; University of Bucharest and the [&hellip;]","og_url":"https:\/\/constant.univnt.ro\/index.php\/en\/home\/","og_site_name":"CONSTANT - Conferin\u0163a studen\u0163easc\u0103 anual\u0103 &quot;Nicolae Titulescu&quot;","article_modified_time":"2023-03-01T13:30:49+00:00","og_image":[{"url":"http:\/\/constant.univnt.ro\/wp-content\/uploads\/2023\/03\/11-24-scaled.jpg"}],"twitter_card":"summary_large_image","twitter_misc":{"Est. reading time":"3 minutes"},"schema":{"@context":"https:\/\/schema.org","@graph":[{"@type":"WebPage","@id":"https:\/\/constant.univnt.ro\/index.php\/en\/home\/","url":"https:\/\/constant.univnt.ro\/index.php\/en\/home\/","name":"Home - CONSTANT - Conferin\u0163a studen\u0163easc\u0103 anual\u0103 &quot;Nicolae Titulescu&quot;","isPartOf":{"@id":"https:\/\/constant.univnt.ro\/#website"},"datePublished":"2022-12-01T11:39:21+00:00","dateModified":"2023-03-01T13:30:49+00:00","breadcrumb":{"@id":"https:\/\/constant.univnt.ro\/index.php\/en\/home\/#breadcrumb"},"inLanguage":"en-US","potentialAction":[{"@type":"ReadAction","target":["https:\/\/constant.univnt.ro\/index.php\/en\/home\/"]}]},{"@type":"BreadcrumbList","@id":"https:\/\/constant.univnt.ro\/index.php\/en\/home\/#breadcrumb","itemListElement":[{"@type":"ListItem","position":1,"name":"Acas\u0103","item":"https:\/\/constant.univnt.ro\/"},{"@type":"ListItem","position":2,"name":"Home"}]},{"@type":"WebSite","@id":"https:\/\/constant.univnt.ro\/#website","url":"https:\/\/constant.univnt.ro\/","name":"CONSTANT - Conferin\u0163a studen\u0163easc\u0103 anual\u0103 &quot;Nicolae Titulescu&quot;","description":"Conferin\u0163a studen\u0163easc\u0103 anual\u0103 &quot;Nicolae Titulescu&quot; CONSTANT","publisher":{"@id":"https:\/\/constant.univnt.ro\/#organization"},"potentialAction":[{"@type":"SearchAction","target":{"@type":"EntryPoint","urlTemplate":"https:\/\/constant.univnt.ro\/?s={search_term_string}"},"query-input":"required name=search_term_string"}],"inLanguage":"en-US"},{"@type":"Organization","@id":"https:\/\/constant.univnt.ro\/#organization","name":"CONSTANT - Conferin\u0163a studen\u0163easc\u0103 anual\u0103 &quot;Nicolae Titulescu&quot;","url":"https:\/\/constant.univnt.ro\/","logo":{"@type":"ImageObject","inLanguage":"en-US","@id":"https:\/\/constant.univnt.ro\/#\/schema\/logo\/image\/","url":"https:\/\/constant.univnt.ro\/wp-content\/uploads\/2022\/12\/cropped-logo-univnt.png","contentUrl":"https:\/\/constant.univnt.ro\/wp-content\/uploads\/2022\/12\/cropped-logo-univnt.png","width":190,"height":190,"caption":"CONSTANT - Conferin\u0163a studen\u0163easc\u0103 anual\u0103 &quot;Nicolae Titulescu&quot;"},"image":{"@id":"https:\/\/constant.univnt.ro\/#\/schema\/logo\/image\/"}}]}},"_links":{"self":[{"href":"https:\/\/constant.univnt.ro\/index.php\/wp-json\/wp\/v2\/pages\/1327"}],"collection":[{"href":"https:\/\/constant.univnt.ro\/index.php\/wp-json\/wp\/v2\/pages"}],"about":[{"href":"https:\/\/constant.univnt.ro\/index.php\/wp-json\/wp\/v2\/types\/page"}],"author":[{"embeddable":true,"href":"https:\/\/constant.univnt.ro\/index.php\/wp-json\/wp\/v2\/users\/1"}],"replies":[{"embeddable":true,"href":"https:\/\/constant.univnt.ro\/index.php\/wp-json\/wp\/v2\/comments?post=1327"}],"version-history":[{"count":4,"href":"https:\/\/constant.univnt.ro\/index.php\/wp-json\/wp\/v2\/pages\/1327\/revisions"}],"predecessor-version":[{"id":1331,"href":"https:\/\/constant.univnt.ro\/index.php\/wp-json\/wp\/v2\/pages\/1327\/revisions\/1331"}],"wp:attachment":[{"href":"https:\/\/constant.univnt.ro\/index.php\/wp-json\/wp\/v2\/media?parent=1327"}],"curies":[{"name":"wp","href":"https:\/\/api.w.org\/{rel}","templated":true}]}}