{"id":98,"date":"2022-12-01T14:12:19","date_gmt":"2022-12-01T14:12:19","guid":{"rendered":"http:\/\/george2.univnt.ro\/?page_id=98"},"modified":"2023-02-14T08:05:14","modified_gmt":"2023-02-14T08:05:14","slug":"constant-2015","status":"publish","type":"page","link":"http:\/\/constant.univnt.ro\/index.php\/constant-2015\/","title":{"rendered":"Constant 2015"},"content":{"rendered":"\t\t<div data-elementor-type=\"wp-page\" data-elementor-id=\"98\" class=\"elementor elementor-98\">\n\t\t\t\t\t\t\t\t\t<section class=\"elementor-section elementor-top-section elementor-element elementor-element-21e228b elementor-section-boxed elementor-section-height-default elementor-section-height-default\" data-id=\"21e228b\" data-element_type=\"section\">\n\t\t\t\t\t\t<div class=\"elementor-container elementor-column-gap-default\">\n\t\t\t\t\t<div class=\"elementor-column elementor-col-100 elementor-top-column elementor-element elementor-element-141a1c7\" data-id=\"141a1c7\" data-element_type=\"column\">\n\t\t\t<div class=\"elementor-widget-wrap elementor-element-populated\">\n\t\t\t\t\t\t\t\t<div class=\"elementor-element elementor-element-56031a3 elementor-tabs-view-vertical elementor-widget elementor-widget-tabs\" data-id=\"56031a3\" data-element_type=\"widget\" data-widget_type=\"tabs.default\">\n\t\t\t\t<div class=\"elementor-widget-container\">\n\t\t\t<style>\/*! elementor - v3.11.3 - 07-03-2023 *\/\n.elementor-widget-tabs.elementor-tabs-view-vertical .elementor-tabs-wrapper{width:25%;flex-shrink:0}.elementor-widget-tabs.elementor-tabs-view-vertical .elementor-tab-desktop-title.elementor-active{border-right-style:none}.elementor-widget-tabs.elementor-tabs-view-vertical .elementor-tab-desktop-title.elementor-active:after,.elementor-widget-tabs.elementor-tabs-view-vertical .elementor-tab-desktop-title.elementor-active:before{height:999em;width:0;right:0;border-right-style:solid}.elementor-widget-tabs.elementor-tabs-view-vertical .elementor-tab-desktop-title.elementor-active:before{top:0;transform:translateY(-100%)}.elementor-widget-tabs.elementor-tabs-view-vertical .elementor-tab-desktop-title.elementor-active:after{top:100%}.elementor-widget-tabs.elementor-tabs-view-horizontal .elementor-tab-desktop-title{display:table-cell}.elementor-widget-tabs.elementor-tabs-view-horizontal .elementor-tab-desktop-title.elementor-active{border-bottom-style:none}.elementor-widget-tabs.elementor-tabs-view-horizontal .elementor-tab-desktop-title.elementor-active:after,.elementor-widget-tabs.elementor-tabs-view-horizontal .elementor-tab-desktop-title.elementor-active:before{bottom:0;height:0;width:999em;border-bottom-style:solid}.elementor-widget-tabs.elementor-tabs-view-horizontal .elementor-tab-desktop-title.elementor-active:before{right:100%}.elementor-widget-tabs.elementor-tabs-view-horizontal .elementor-tab-desktop-title.elementor-active:after{left:100%}.elementor-widget-tabs .elementor-tab-content,.elementor-widget-tabs .elementor-tab-title,.elementor-widget-tabs .elementor-tab-title:after,.elementor-widget-tabs .elementor-tab-title:before,.elementor-widget-tabs .elementor-tabs-content-wrapper{border:1px #d4d4d4}.elementor-widget-tabs .elementor-tabs{text-align:left}.elementor-widget-tabs .elementor-tabs-wrapper{overflow:hidden}.elementor-widget-tabs .elementor-tab-title{cursor:pointer;outline:var(--focus-outline,none)}.elementor-widget-tabs .elementor-tab-desktop-title{position:relative;padding:20px 25px;font-weight:700;line-height:1;border:solid transparent}.elementor-widget-tabs .elementor-tab-desktop-title.elementor-active{border-color:#d4d4d4}.elementor-widget-tabs .elementor-tab-desktop-title.elementor-active:after,.elementor-widget-tabs .elementor-tab-desktop-title.elementor-active:before{display:block;content:\"\";position:absolute}.elementor-widget-tabs .elementor-tab-desktop-title:focus-visible{border:1px solid #000}.elementor-widget-tabs .elementor-tab-mobile-title{padding:10px;cursor:pointer}.elementor-widget-tabs .elementor-tab-content{padding:20px;display:none}@media (max-width:767px){.elementor-tabs .elementor-tab-content,.elementor-tabs .elementor-tab-title{border-style:solid solid none}.elementor-tabs .elementor-tabs-wrapper{display:none}.elementor-tabs .elementor-tabs-content-wrapper{border-bottom-style:solid}.elementor-tabs .elementor-tab-content{padding:10px}}@media (min-width:768px){.elementor-widget-tabs.elementor-tabs-view-vertical .elementor-tabs{display:flex}.elementor-widget-tabs.elementor-tabs-view-vertical .elementor-tabs-wrapper{flex-direction:column}.elementor-widget-tabs.elementor-tabs-view-vertical .elementor-tabs-content-wrapper{flex-grow:1;border-style:solid solid solid none}.elementor-widget-tabs.elementor-tabs-view-horizontal .elementor-tab-content{border-style:none solid solid}.elementor-widget-tabs.elementor-tabs-alignment-center .elementor-tabs-wrapper,.elementor-widget-tabs.elementor-tabs-alignment-end .elementor-tabs-wrapper,.elementor-widget-tabs.elementor-tabs-alignment-stretch .elementor-tabs-wrapper{display:flex}.elementor-widget-tabs.elementor-tabs-alignment-center .elementor-tabs-wrapper{justify-content:center}.elementor-widget-tabs.elementor-tabs-alignment-end .elementor-tabs-wrapper{justify-content:flex-end}.elementor-widget-tabs.elementor-tabs-alignment-stretch.elementor-tabs-view-horizontal .elementor-tab-title{width:100%}.elementor-widget-tabs.elementor-tabs-alignment-stretch.elementor-tabs-view-vertical .elementor-tab-title{height:100%}.elementor-tabs .elementor-tab-mobile-title{display:none}}<\/style>\t\t<div class=\"elementor-tabs\">\n\t\t\t<div class=\"elementor-tabs-wrapper\" role=\"tablist\" >\n\t\t\t\t\t\t\t\t\t<div id=\"elementor-tab-title-9011\" class=\"elementor-tab-title elementor-tab-desktop-title\" aria-selected=\"true\" data-tab=\"1\" role=\"tab\" tabindex=\"0\" aria-controls=\"elementor-tab-content-9011\" aria-expanded=\"false\">Despre CONSTANT 2015<\/div>\n\t\t\t\t\t\t\t\t\t<div id=\"elementor-tab-title-9012\" class=\"elementor-tab-title elementor-tab-desktop-title\" aria-selected=\"false\" data-tab=\"2\" role=\"tab\" tabindex=\"-1\" aria-controls=\"elementor-tab-content-9012\" aria-expanded=\"false\">CONSTANT 2015 Bro\u0219ur\u0103<\/div>\n\t\t\t\t\t\t\t\t\t<div id=\"elementor-tab-title-9013\" class=\"elementor-tab-title elementor-tab-desktop-title\" aria-selected=\"false\" data-tab=\"3\" role=\"tab\" tabindex=\"-1\" aria-controls=\"elementor-tab-content-9013\" aria-expanded=\"false\">CONSTANT 2015 Program<\/div>\n\t\t\t\t\t\t\t\t\t<div id=\"elementor-tab-title-9014\" class=\"elementor-tab-title elementor-tab-desktop-title\" aria-selected=\"false\" data-tab=\"4\" role=\"tab\" tabindex=\"-1\" aria-controls=\"elementor-tab-content-9014\" aria-expanded=\"false\">CONSTANT 2015 Jurnal<\/div>\n\t\t\t\t\t\t\t\t\t<div id=\"elementor-tab-title-9015\" class=\"elementor-tab-title elementor-tab-desktop-title\" aria-selected=\"false\" data-tab=\"5\" role=\"tab\" tabindex=\"-1\" aria-controls=\"elementor-tab-content-9015\" aria-expanded=\"false\">FORMULAR DE \u00ceNREGISTRARE<\/div>\n\t\t\t\t\t\t\t<\/div>\n\t\t\t<div class=\"elementor-tabs-content-wrapper\" role=\"tablist\" aria-orientation=\"vertical\">\n\t\t\t\t\t\t\t\t\t<div class=\"elementor-tab-title elementor-tab-mobile-title\" aria-selected=\"true\" data-tab=\"1\" role=\"tab\" tabindex=\"0\" aria-controls=\"elementor-tab-content-9011\" aria-expanded=\"false\">Despre CONSTANT 2015<\/div>\n\t\t\t\t\t<div id=\"elementor-tab-content-9011\" class=\"elementor-tab-content elementor-clearfix\" data-tab=\"1\" role=\"tabpanel\" aria-labelledby=\"elementor-tab-title-9011\" tabindex=\"0\" hidden=\"false\"><p style=\"text-align: center;\"><b>Conferin\u0163a studen\u0163easc\u0103 anual\u0103<br \/>\u201eCONSTANT\u201d<br \/>Bucure\u015fti, 24-25 aprilie 2015<br \/>Edi\u0163ia a V-a<\/b><\/p><p>Conferin\u0163a studen\u0163easc\u0103 anual\u0103 \u201e<strong>CONSTANT<\/strong>\u201d (Universitatea &#8220;Nicolae Titulescu&#8221; Bucure\u015fti), manifestare cu caracter interna\u0163ional, organizat\u0103 de Universitatea \u201cNicolae Titulescu\u201d din Bucure\u015fti \u015fi Universitatea din Miskolc, Ungaria, \u00een parteneriat cu Funda\u0163ia de Drept \u015fi Rela\u0163ii Interna\u0163ionale \u201cNicolae Titulescu\u201d, Asociatia Studentilor Universitatii Nicolae Titulescu (ASUNT) \u015fi Editura Universit\u0103\u021bii \u201cNicolae Titulescu\u201d din Bucure\u015fti, reprezint\u0103 o oportunitate pentru studen\u0163i \u015fi masteranzi de a elabora \u015fi prezenta studii \u00een domenii interdisciplinare (\u015ftiin\u0163e juridice, \u015ftiin\u0163e economice \u015fi \u015ftiin\u0163e sociale \u015fi administrative), de a se integra \u00een societatea cunoa\u015fterii, caracterizat\u0103, printre altele, de necesitatea existen\u0163ei unor manifest\u0103ri \u015ftiin\u0163ifice de profil. Dintr-o alt\u0103 perspectiv\u0103,\u00a0<strong>CONSTANT\u00a0<\/strong>constituie un motiv de consolidare a rela\u0163iei fundamentale profesor-student, maestru-discipol, \u00een jurul c\u0103reia se cl\u0103de\u015fte mare parte a lumii universitare. Studentul are nevoie de cunoa\u015fterea profesorului. \u00cen egal\u0103 m\u0103sur\u0103, profesorul are nevoie (\u015fi este dator) s\u0103 ofere cunoa\u015ftere, s\u0103 ghideze t\u00e2n\u0103rul cercet\u0103tor \u00een studiul necesar \u00eentocmirii unei lucr\u0103ri \u015ftiin\u0163ifice. Prin participarea la\u00a0<strong>CONSTANT<\/strong>, urmare a procesului de recenzare efectuat de comitetul \u015ftiin\u0163ific constituit, studen\u0163ii \u015fi masteranzii \u00eenregistra\u0163i vor avea posibilitatea de a publica studiile elaborate \u00een\u00a0<strong>CONSTANT-eBook<\/strong>, proceeding editat de editura\u00a0 Universit\u0103\u021bii \u201cNicolae Titulescu\u201d Bucure\u015fti.\u00a0<strong>CONSTANT\u00a0<\/strong>se va desf\u0103\u015fura \u00een limba rom\u00e2n\u0103 \u015fi limba englez\u0103 (textele expediate vor fi redactate \u00een limba rom\u00e2n\u0103).<br \/><br \/><img decoding=\"async\" class=\"aligncenter\" src=\"http:\/\/constant.univnt.ro\/pictures\/constant2012.jpg\" alt=\"constant 2012\" \/><br \/><strong>CALL FOR PAPERS<\/strong><br \/>Studen\u0163ii \u015fi masteranzii interesa\u0163i s\u0103 participe la lucr\u0103rile\u00a0<strong>CONSTANT 2015\u00a0<\/strong>sunt invita\u0163i s\u0103 trimit\u0103 studii \u00een domeniile de interes (minim 3000 de cuvinte \u015fi maxim 8000 de cuvinte). Studiile vor fi redactate \u00een limba rom\u00e2n\u0103, iar abstractul va fi redactat \u00een limba rom\u00e2n\u0103. Pentru \u00eenregistrarea studiilor una dintre condi\u0163iile obligatorii este ca fiecare lucrare s\u0103 fie asumat\u0103 de un cadru didactic \u00een calitate de coordinator \u015ftiin\u0163ific. Studiile \u00eenregistrate vor fi evaluate de membrii Comitetului \u015ftiin\u0163ific.\u00a0<\/p><p><br \/><u><strong>NU SE PERCEPE TAXA DE PARTICIPARE!<\/strong><\/u><\/p><\/div>\n\t\t\t\t\t\t\t\t\t<div class=\"elementor-tab-title elementor-tab-mobile-title\" aria-selected=\"false\" data-tab=\"2\" role=\"tab\" tabindex=\"-1\" aria-controls=\"elementor-tab-content-9012\" aria-expanded=\"false\">CONSTANT 2015 Bro\u0219ur\u0103<\/div>\n\t\t\t\t\t<div id=\"elementor-tab-content-9012\" class=\"elementor-tab-content elementor-clearfix\" data-tab=\"2\" role=\"tabpanel\" aria-labelledby=\"elementor-tab-title-9012\" tabindex=\"0\" hidden=\"hidden\"><p style=\"text-align: center;\"><a href=\"http:\/\/constant.univnt.ro\/wp-content\/uploads\/brosura\/brosura_constant_2015.pdf\"><strong><button type=\"button\">Bro\u0219ur\u0103<\/button><\/strong><\/a><\/p><\/div>\n\t\t\t\t\t\t\t\t\t<div class=\"elementor-tab-title elementor-tab-mobile-title\" aria-selected=\"false\" data-tab=\"3\" role=\"tab\" tabindex=\"-1\" aria-controls=\"elementor-tab-content-9013\" aria-expanded=\"false\">CONSTANT 2015 Program<\/div>\n\t\t\t\t\t<div id=\"elementor-tab-content-9013\" class=\"elementor-tab-content elementor-clearfix\" data-tab=\"3\" role=\"tabpanel\" aria-labelledby=\"elementor-tab-title-9013\" tabindex=\"0\" hidden=\"hidden\"><p style=\"text-align: center;\"><a href=\"http:\/\/constant.univnt.ro\/wp-content\/uploads\/program\/program_constant_2015.pdf\"><strong><button type=\"button\">Program<\/button><\/strong><\/a><\/p><\/div>\n\t\t\t\t\t\t\t\t\t<div class=\"elementor-tab-title elementor-tab-mobile-title\" aria-selected=\"false\" data-tab=\"4\" role=\"tab\" tabindex=\"-1\" aria-controls=\"elementor-tab-content-9014\" aria-expanded=\"false\">CONSTANT 2015 Jurnal<\/div>\n\t\t\t\t\t<div id=\"elementor-tab-content-9014\" class=\"elementor-tab-content elementor-clearfix\" data-tab=\"4\" role=\"tabpanel\" aria-labelledby=\"elementor-tab-title-9014\" tabindex=\"0\" hidden=\"hidden\"><p style=\"text-align: center;\"><a href=\"http:\/\/constant.univnt.ro\/wp-content\/uploads\/ebook\/ebook_constant_2015.pdf\"><strong><button type=\"button\">Jurnal<\/button><\/strong><\/a><\/p><\/div>\n\t\t\t\t\t\t\t\t\t<div class=\"elementor-tab-title elementor-tab-mobile-title\" aria-selected=\"false\" data-tab=\"5\" role=\"tab\" tabindex=\"-1\" aria-controls=\"elementor-tab-content-9015\" aria-expanded=\"false\">FORMULAR DE \u00ceNREGISTRARE<\/div>\n\t\t\t\t\t<div id=\"elementor-tab-content-9015\" class=\"elementor-tab-content elementor-clearfix\" data-tab=\"5\" role=\"tabpanel\" aria-labelledby=\"elementor-tab-title-9015\" tabindex=\"0\" hidden=\"hidden\"><p style=\"text-align: center;\"><a href=\"https:\/\/forms.gle\/z4FmRS3sbfdkf8ja6\"><strong><button type=\"button\">Formular de \u00eenregistrare<\/button><\/strong><\/a><\/p><\/div>\n\t\t\t\t\t\t\t<\/div>\n\t\t<\/div>\n\t\t\t\t<\/div>\n\t\t\t\t<\/div>\n\t\t\t\t\t<\/div>\n\t\t<\/div>\n\t\t\t\t\t\t\t<\/div>\n\t\t<\/section>\n\t\t\t\t\t\t\t<\/div>\n\t\t","protected":false},"excerpt":{"rendered":"<p>Despre CONSTANT 2015 CONSTANT 2015 Bro\u0219ur\u0103 CONSTANT 2015 Program CONSTANT 2015 Jurnal FORMULAR DE \u00ceNREGISTRARE Despre CONSTANT 2015 Conferin\u0163a studen\u0163easc\u0103 anual\u0103\u201eCONSTANT\u201dBucure\u015fti, 24-25 aprilie 2015Edi\u0163ia a V-a Conferin\u0163a studen\u0163easc\u0103 anual\u0103 \u201eCONSTANT\u201d (Universitatea &#8220;Nicolae Titulescu&#8221; Bucure\u015fti), manifestare cu caracter interna\u0163ional, organizat\u0103 de Universitatea \u201cNicolae Titulescu\u201d din Bucure\u015fti \u015fi Universitatea din Miskolc, Ungaria, \u00een parteneriat cu Funda\u0163ia de [&hellip;]<\/p>\n","protected":false},"author":1,"featured_media":0,"parent":0,"menu_order":0,"comment_status":"closed","ping_status":"closed","template":"","meta":[],"yoast_head":"<!-- This site is optimized with the Yoast SEO plugin v20.2.1 - https:\/\/yoast.com\/wordpress\/plugins\/seo\/ -->\n<title>Constant 2015 - CONSTANT - Conferin\u0163a studen\u0163easc\u0103 anual\u0103 &quot;Nicolae Titulescu&quot;<\/title>\n<meta name=\"robots\" content=\"noindex, follow, max-snippet:-1, max-image-preview:large, max-video-preview:-1\" \/>\n<meta property=\"og:locale\" content=\"en_US\" \/>\n<meta property=\"og:type\" content=\"article\" \/>\n<meta property=\"og:title\" content=\"Constant 2015 - CONSTANT - Conferin\u0163a studen\u0163easc\u0103 anual\u0103 &quot;Nicolae Titulescu&quot;\" \/>\n<meta property=\"og:description\" content=\"Despre CONSTANT 2015 CONSTANT 2015 Bro\u0219ur\u0103 CONSTANT 2015 Program CONSTANT 2015 Jurnal FORMULAR DE \u00ceNREGISTRARE Despre CONSTANT 2015 Conferin\u0163a studen\u0163easc\u0103 anual\u0103\u201eCONSTANT\u201dBucure\u015fti, 24-25 aprilie 2015Edi\u0163ia a V-a Conferin\u0163a studen\u0163easc\u0103 anual\u0103 \u201eCONSTANT\u201d (Universitatea &#8220;Nicolae Titulescu&#8221; Bucure\u015fti), manifestare cu caracter interna\u0163ional, organizat\u0103 de Universitatea \u201cNicolae Titulescu\u201d din Bucure\u015fti \u015fi Universitatea din Miskolc, Ungaria, \u00een parteneriat cu Funda\u0163ia de [&hellip;]\" \/>\n<meta property=\"og:url\" content=\"http:\/\/constant.univnt.ro\/index.php\/constant-2015\/\" \/>\n<meta property=\"og:site_name\" content=\"CONSTANT - Conferin\u0163a studen\u0163easc\u0103 anual\u0103 &quot;Nicolae Titulescu&quot;\" \/>\n<meta property=\"article:modified_time\" content=\"2023-02-14T08:05:14+00:00\" \/>\n<meta property=\"og:image\" content=\"http:\/\/constant.univnt.ro\/pictures\/constant2012.jpg\" \/>\n<meta name=\"twitter:card\" content=\"summary_large_image\" \/>\n<meta name=\"twitter:label1\" content=\"Est. reading time\" \/>\n\t<meta name=\"twitter:data1\" content=\"2 minutes\" \/>\n<script type=\"application\/ld+json\" class=\"yoast-schema-graph\">{\"@context\":\"https:\/\/schema.org\",\"@graph\":[{\"@type\":\"WebPage\",\"@id\":\"http:\/\/constant.univnt.ro\/index.php\/constant-2015\/\",\"url\":\"http:\/\/constant.univnt.ro\/index.php\/constant-2015\/\",\"name\":\"Constant 2015 - CONSTANT - Conferin\u0163a studen\u0163easc\u0103 anual\u0103 &quot;Nicolae Titulescu&quot;\",\"isPartOf\":{\"@id\":\"http:\/\/constant.univnt.ro\/#website\"},\"datePublished\":\"2022-12-01T14:12:19+00:00\",\"dateModified\":\"2023-02-14T08:05:14+00:00\",\"breadcrumb\":{\"@id\":\"http:\/\/constant.univnt.ro\/index.php\/constant-2015\/#breadcrumb\"},\"inLanguage\":\"en-US\",\"potentialAction\":[{\"@type\":\"ReadAction\",\"target\":[\"http:\/\/constant.univnt.ro\/index.php\/constant-2015\/\"]}]},{\"@type\":\"BreadcrumbList\",\"@id\":\"http:\/\/constant.univnt.ro\/index.php\/constant-2015\/#breadcrumb\",\"itemListElement\":[{\"@type\":\"ListItem\",\"position\":1,\"name\":\"Acas\u0103\",\"item\":\"https:\/\/constant.univnt.ro\/\"},{\"@type\":\"ListItem\",\"position\":2,\"name\":\"Constant 2015\"}]},{\"@type\":\"WebSite\",\"@id\":\"http:\/\/constant.univnt.ro\/#website\",\"url\":\"http:\/\/constant.univnt.ro\/\",\"name\":\"CONSTANT - Conferin\u0163a studen\u0163easc\u0103 anual\u0103 &quot;Nicolae Titulescu&quot;\",\"description\":\"Conferin\u0163a studen\u0163easc\u0103 anual\u0103 &quot;Nicolae Titulescu&quot; CONSTANT\",\"publisher\":{\"@id\":\"http:\/\/constant.univnt.ro\/#organization\"},\"potentialAction\":[{\"@type\":\"SearchAction\",\"target\":{\"@type\":\"EntryPoint\",\"urlTemplate\":\"http:\/\/constant.univnt.ro\/?s={search_term_string}\"},\"query-input\":\"required name=search_term_string\"}],\"inLanguage\":\"en-US\"},{\"@type\":\"Organization\",\"@id\":\"http:\/\/constant.univnt.ro\/#organization\",\"name\":\"CONSTANT - Conferin\u0163a studen\u0163easc\u0103 anual\u0103 &quot;Nicolae Titulescu&quot;\",\"url\":\"http:\/\/constant.univnt.ro\/\",\"logo\":{\"@type\":\"ImageObject\",\"inLanguage\":\"en-US\",\"@id\":\"http:\/\/constant.univnt.ro\/#\/schema\/logo\/image\/\",\"url\":\"http:\/\/constant.univnt.ro\/wp-content\/uploads\/2022\/12\/cropped-logo-univnt.png\",\"contentUrl\":\"http:\/\/constant.univnt.ro\/wp-content\/uploads\/2022\/12\/cropped-logo-univnt.png\",\"width\":190,\"height\":190,\"caption\":\"CONSTANT - Conferin\u0163a studen\u0163easc\u0103 anual\u0103 &quot;Nicolae Titulescu&quot;\"},\"image\":{\"@id\":\"http:\/\/constant.univnt.ro\/#\/schema\/logo\/image\/\"}}]}<\/script>\n<!-- \/ Yoast SEO plugin. -->","yoast_head_json":{"title":"Constant 2015 - CONSTANT - Conferin\u0163a studen\u0163easc\u0103 anual\u0103 &quot;Nicolae Titulescu&quot;","robots":{"index":"noindex","follow":"follow","max-snippet":"max-snippet:-1","max-image-preview":"max-image-preview:large","max-video-preview":"max-video-preview:-1"},"og_locale":"en_US","og_type":"article","og_title":"Constant 2015 - CONSTANT - Conferin\u0163a studen\u0163easc\u0103 anual\u0103 &quot;Nicolae Titulescu&quot;","og_description":"Despre CONSTANT 2015 CONSTANT 2015 Bro\u0219ur\u0103 CONSTANT 2015 Program CONSTANT 2015 Jurnal FORMULAR DE \u00ceNREGISTRARE Despre CONSTANT 2015 Conferin\u0163a studen\u0163easc\u0103 anual\u0103\u201eCONSTANT\u201dBucure\u015fti, 24-25 aprilie 2015Edi\u0163ia a V-a Conferin\u0163a studen\u0163easc\u0103 anual\u0103 \u201eCONSTANT\u201d (Universitatea &#8220;Nicolae Titulescu&#8221; Bucure\u015fti), manifestare cu caracter interna\u0163ional, organizat\u0103 de Universitatea \u201cNicolae Titulescu\u201d din Bucure\u015fti \u015fi Universitatea din Miskolc, Ungaria, \u00een parteneriat cu Funda\u0163ia de [&hellip;]","og_url":"http:\/\/constant.univnt.ro\/index.php\/constant-2015\/","og_site_name":"CONSTANT - Conferin\u0163a studen\u0163easc\u0103 anual\u0103 &quot;Nicolae Titulescu&quot;","article_modified_time":"2023-02-14T08:05:14+00:00","og_image":[{"url":"http:\/\/constant.univnt.ro\/pictures\/constant2012.jpg"}],"twitter_card":"summary_large_image","twitter_misc":{"Est. reading time":"2 minutes"},"schema":{"@context":"https:\/\/schema.org","@graph":[{"@type":"WebPage","@id":"http:\/\/constant.univnt.ro\/index.php\/constant-2015\/","url":"http:\/\/constant.univnt.ro\/index.php\/constant-2015\/","name":"Constant 2015 - CONSTANT - Conferin\u0163a studen\u0163easc\u0103 anual\u0103 &quot;Nicolae Titulescu&quot;","isPartOf":{"@id":"http:\/\/constant.univnt.ro\/#website"},"datePublished":"2022-12-01T14:12:19+00:00","dateModified":"2023-02-14T08:05:14+00:00","breadcrumb":{"@id":"http:\/\/constant.univnt.ro\/index.php\/constant-2015\/#breadcrumb"},"inLanguage":"en-US","potentialAction":[{"@type":"ReadAction","target":["http:\/\/constant.univnt.ro\/index.php\/constant-2015\/"]}]},{"@type":"BreadcrumbList","@id":"http:\/\/constant.univnt.ro\/index.php\/constant-2015\/#breadcrumb","itemListElement":[{"@type":"ListItem","position":1,"name":"Acas\u0103","item":"https:\/\/constant.univnt.ro\/"},{"@type":"ListItem","position":2,"name":"Constant 2015"}]},{"@type":"WebSite","@id":"http:\/\/constant.univnt.ro\/#website","url":"http:\/\/constant.univnt.ro\/","name":"CONSTANT - Conferin\u0163a studen\u0163easc\u0103 anual\u0103 &quot;Nicolae Titulescu&quot;","description":"Conferin\u0163a studen\u0163easc\u0103 anual\u0103 &quot;Nicolae Titulescu&quot; CONSTANT","publisher":{"@id":"http:\/\/constant.univnt.ro\/#organization"},"potentialAction":[{"@type":"SearchAction","target":{"@type":"EntryPoint","urlTemplate":"http:\/\/constant.univnt.ro\/?s={search_term_string}"},"query-input":"required name=search_term_string"}],"inLanguage":"en-US"},{"@type":"Organization","@id":"http:\/\/constant.univnt.ro\/#organization","name":"CONSTANT - Conferin\u0163a studen\u0163easc\u0103 anual\u0103 &quot;Nicolae Titulescu&quot;","url":"http:\/\/constant.univnt.ro\/","logo":{"@type":"ImageObject","inLanguage":"en-US","@id":"http:\/\/constant.univnt.ro\/#\/schema\/logo\/image\/","url":"http:\/\/constant.univnt.ro\/wp-content\/uploads\/2022\/12\/cropped-logo-univnt.png","contentUrl":"http:\/\/constant.univnt.ro\/wp-content\/uploads\/2022\/12\/cropped-logo-univnt.png","width":190,"height":190,"caption":"CONSTANT - Conferin\u0163a studen\u0163easc\u0103 anual\u0103 &quot;Nicolae Titulescu&quot;"},"image":{"@id":"http:\/\/constant.univnt.ro\/#\/schema\/logo\/image\/"}}]}},"_links":{"self":[{"href":"http:\/\/constant.univnt.ro\/index.php\/wp-json\/wp\/v2\/pages\/98"}],"collection":[{"href":"http:\/\/constant.univnt.ro\/index.php\/wp-json\/wp\/v2\/pages"}],"about":[{"href":"http:\/\/constant.univnt.ro\/index.php\/wp-json\/wp\/v2\/types\/page"}],"author":[{"embeddable":true,"href":"http:\/\/constant.univnt.ro\/index.php\/wp-json\/wp\/v2\/users\/1"}],"replies":[{"embeddable":true,"href":"http:\/\/constant.univnt.ro\/index.php\/wp-json\/wp\/v2\/comments?post=98"}],"version-history":[{"count":14,"href":"http:\/\/constant.univnt.ro\/index.php\/wp-json\/wp\/v2\/pages\/98\/revisions"}],"predecessor-version":[{"id":1084,"href":"http:\/\/constant.univnt.ro\/index.php\/wp-json\/wp\/v2\/pages\/98\/revisions\/1084"}],"wp:attachment":[{"href":"http:\/\/constant.univnt.ro\/index.php\/wp-json\/wp\/v2\/media?parent=98"}],"curies":[{"name":"wp","href":"https:\/\/api.w.org\/{rel}","templated":true}]}}